{"id":8,"date":"2016-12-21T12:19:18","date_gmt":"2016-12-21T12:19:18","guid":{"rendered":"http:\/\/gimkamen.com\/?page_id=8"},"modified":"2024-09-09T21:07:10","modified_gmt":"2024-09-09T21:07:10","slug":"lokacija","status":"publish","type":"page","link":"https:\/\/staging.gimkamen.rs\/yy\/lokacija\/","title":{"rendered":"Lokacija"},"content":{"rendered":"\n<hr class=\"wp-block-separator has-text-color has-alpha-channel-opacity has-background\" style=\"background-color:#ffffff00;color:#ffffff00\"\/>\n\n\n\n<hr class=\"wp-block-separator has-text-color has-alpha-channel-opacity has-background\" style=\"background-color:#ffffff03;color:#ffffff03\"\/>\n\n\n\n<div class=\"wp-block-stackable-columns alignwide stk-block-columns stk-block stk-02c730e\" data-block-id=\"02c730e\"><div class=\"stk-row stk-inner-blocks stk-block-content stk-content-align stk-02c730e-column alignwide\">\n<div class=\"wp-block-stackable-column stk-block-column stk-column stk-block stk-0f3c587\" data-v=\"4\" data-block-id=\"0f3c587\"><div class=\"stk-column-wrapper stk-block-column__content stk-container stk-0f3c587-container stk--no-background stk--no-padding\"><div class=\"stk-block-content stk-inner-blocks stk-0f3c587-inner-blocks\">\n<div class=\"wp-block-stackable-columns aligncenter stk-block-columns stk-block stk-023a2c1\" data-block-id=\"023a2c1\"><div class=\"stk-row stk-inner-blocks has-text-align-center stk-block-content stk-content-align stk-023a2c1-column\">\n<div class=\"wp-block-stackable-column stk-block-column stk-column stk-block stk-c176c60\" data-v=\"4\" data-block-id=\"c176c60\"><div class=\"stk-column-wrapper stk-block-column__content stk-container stk-c176c60-container stk--no-background stk--no-padding\"><div class=\"stk-block-content stk-inner-blocks stk-c176c60-inner-blocks\">\n<p class=\"has-text-align-center\"><iframe loading=\"lazy\" style=\"border: 0;\" src=\"https:\/\/www.google.com\/maps\/embed?pb=!1m18!1m12!1m3!1d1413.8098828864904!2d17.270513976103263!3d44.87003499474892!2m3!1f0!2f0!3f0!3m2!1i1024!2i768!4f13.1!3m3!1m2!1s0x0%3A0x0!2zNDTCsDUyJzEyLjEiTiAxN8KwMTYnMTcuOCJF!5e0!3m2!1sen!2sba!4v1482322422267\" width=\"600\" height=\"450\" frameborder=\"0\" allowfullscreen=\"allowfullscreen\"><\/iframe><\/p>\n<\/div><\/div><\/div>\n<\/div><\/div>\n<\/div><\/div><\/div>\n\n\n\n<div class=\"wp-block-stackable-column stk-block-column stk-column stk-block stk-9523c27 stk-block-background\" data-v=\"4\" data-block-id=\"9523c27\"><style>.stk-9523c27{align-self:center !important;background-color:#ffffff80 !important;border-top-left-radius:50px !important;border-top-right-radius:50px !important;border-bottom-right-radius:50px !important;border-bottom-left-radius:50px !important;overflow:hidden !important;box-shadow:0px 10px 30px #0000000d !important;align-items:center !important;display:flex !important}.stk-9523c27-inner-blocks{row-gap:34px !important}.stk-9523c27:before{background-color:#ffffff80 !important}<\/style><div class=\"stk-column-wrapper stk-block-column__content stk-container stk-9523c27-container stk--no-background stk--no-padding\"><div class=\"has-text-align-center stk-block-content stk-inner-blocks stk-9523c27-inner-blocks stk--align-last-block-to-bottom\">\n<p class=\"has-text-align-center\"><strong>Mo\u017eete nas na\u0107i na slede\u0107oj adresi:<\/strong><\/p>\n\n\n\n<hr class=\"wp-block-separator has-alpha-channel-opacity\"\/>\n\n\n\n<hr class=\"wp-block-separator has-alpha-channel-opacity\"\/>\n\n\n\n<p class=\"has-text-align-center has-black-color has-text-color has-background has-link-color wp-elements-25e28c922e14f5ca07b432c287e7c4d4\" style=\"background-color:#ffffff7d\"><strong>Svetosavska 112<br>Trn-Lakta\u0161i 78252<br>Republika Srpska<br>Bosna i Hercegovina<\/strong><\/p>\n<\/div><\/div><\/div>\n<\/div><\/div>\n","protected":false},"excerpt":{"rendered":"<p>Mo\u017eete nas na\u0107i na slede\u0107oj adresi: Svetosavska 112Trn-Lakta\u0161i 78252Republika SrpskaBosna i Hercegovina<\/p>\n","protected":false},"author":1,"featured_media":0,"parent":0,"menu_order":0,"comment_status":"closed","ping_status":"closed","template":"contact-us.php","meta":{"footnotes":""},"class_list":["post-8","page","type-page","status-publish","hentry"],"blocksy_meta":{"has_hero_section":"disabled","styles_descriptor":{"styles":{"desktop":"[data-prefix=\"single_page\"] {background-position:50% 50%;background-size:cover;background-attachment:inherit;background-repeat:no-repeat;background-color:rgba(0, 0, 0, 0.26);background-image:linear-gradient(rgba(255, 255, 255, 0.4), rgba(255, 255, 255, 0.4)), url(https:\/\/staging.gimkamen.rs\/yy\/wp-content\/uploads\/2024\/09\/DJI_0194-scaled.jpg);}","tablet":"","mobile":""},"google_fonts":[],"version":6},"page_structure_type":"type-4","background":{"desktop":{"background_type":"image","background_pattern":"type-1","background_image":{"attachment_id":204,"x":0.5,"y":0.5,"url":"https:\/\/staging.gimkamen.rs\/yy\/wp-content\/uploads\/2024\/09\/DJI_0194-300x225.jpg"},"gradient":"linear-gradient(135deg,rgba(6,147,227,1) 0%,rgb(155,81,224) 100%)","background_repeat":"no-repeat","background_size":"cover","background_attachment":"inherit","patternColor":{"default":{"color":"#e5e7ea"}},"overlayColor":{"default":{"color":"rgba(255, 255, 255, 0.4)"}},"backgroundColor":{"default":{"color":"rgba(0, 0, 0, 0.26)"}}},"tablet":{"background_type":"image","background_pattern":"type-1","background_image":{"attachment_id":204,"x":0.5,"y":0.5,"url":"https:\/\/staging.gimkamen.rs\/yy\/wp-content\/uploads\/2024\/09\/DJI_0194-300x225.jpg"},"gradient":"linear-gradient(135deg,rgba(6,147,227,1) 0%,rgb(155,81,224) 100%)","background_repeat":"no-repeat","background_size":"cover","background_attachment":"inherit","patternColor":{"default":{"color":"#e5e7ea"}},"overlayColor":{"default":{"color":"rgba(255, 255, 255, 0.4)"}},"backgroundColor":{"default":{"color":"rgba(0, 0, 0, 0.26)"}}},"mobile":{"background_type":"image","background_pattern":"type-1","background_image":{"attachment_id":204,"x":0.5,"y":0.5,"url":"https:\/\/staging.gimkamen.rs\/yy\/wp-content\/uploads\/2024\/09\/DJI_0194-300x225.jpg"},"gradient":"linear-gradient(135deg,rgba(6,147,227,1) 0%,rgb(155,81,224) 100%)","background_repeat":"no-repeat","background_size":"cover","background_attachment":"inherit","patternColor":{"default":{"color":"#e5e7ea"}},"overlayColor":{"default":{"color":"rgba(255, 255, 255, 0.4)"}},"backgroundColor":{"default":{"color":"rgba(0, 0, 0, 0.26)"}}}}},"_links":{"self":[{"href":"https:\/\/staging.gimkamen.rs\/yy\/wp-json\/wp\/v2\/pages\/8"}],"collection":[{"href":"https:\/\/staging.gimkamen.rs\/yy\/wp-json\/wp\/v2\/pages"}],"about":[{"href":"https:\/\/staging.gimkamen.rs\/yy\/wp-json\/wp\/v2\/types\/page"}],"author":[{"embeddable":true,"href":"https:\/\/staging.gimkamen.rs\/yy\/wp-json\/wp\/v2\/users\/1"}],"replies":[{"embeddable":true,"href":"https:\/\/staging.gimkamen.rs\/yy\/wp-json\/wp\/v2\/comments?post=8"}],"version-history":[{"count":33,"href":"https:\/\/staging.gimkamen.rs\/yy\/wp-json\/wp\/v2\/pages\/8\/revisions"}],"predecessor-version":[{"id":423,"href":"https:\/\/staging.gimkamen.rs\/yy\/wp-json\/wp\/v2\/pages\/8\/revisions\/423"}],"wp:attachment":[{"href":"https:\/\/staging.gimkamen.rs\/yy\/wp-json\/wp\/v2\/media?parent=8"}],"curies":[{"name":"wp","href":"https:\/\/api.w.org\/{rel}","templated":true}]}}