{"id":17,"date":"2016-12-21T12:33:43","date_gmt":"2016-12-21T12:33:43","guid":{"rendered":"http:\/\/gimkamen.com\/?page_id=17"},"modified":"2024-09-09T19:46:59","modified_gmt":"2024-09-09T19:46:59","slug":"o-nama","status":"publish","type":"page","link":"https:\/\/staging.gimkamen.rs\/yy\/o-nama\/","title":{"rendered":"O nama"},"content":{"rendered":"\n<hr class=\"wp-block-separator has-text-color has-alpha-channel-opacity has-background\" style=\"margin-top:var(--wp--preset--spacing--60);margin-bottom:var(--wp--preset--spacing--60);background-color:#ffffff00;color:#ffffff00\"\/>\n\n\n\n<hr class=\"wp-block-separator has-text-color has-alpha-channel-opacity has-background\" style=\"background-color:#ffffff00;color:#ffffff00\"\/>\n\n\n\n<hr class=\"wp-block-separator has-text-color has-alpha-channel-opacity has-background\" style=\"background-color:#ffffff03;color:#ffffff03\"\/>\n\n\n\n<div class=\"wp-block-stackable-columns stk-block-columns stk-block stk-6dbc343 stk-block-background\" data-block-id=\"6dbc343\"><style>.stk-6dbc343{background-color:#ffffff8a !important;border-top-left-radius:50px !important;border-top-right-radius:50px !important;border-bottom-right-radius:50px !important;border-bottom-left-radius:50px !important;overflow:hidden !important;box-shadow:0px 10px 30px rgba(0,0,0,0.05) !important}.stk-6dbc343:before{background-color:#ffffff8a !important}<\/style><div class=\"stk-row stk-inner-blocks stk-block-content stk-content-align stk-6dbc343-column\">\n<div class=\"wp-block-stackable-column stk-block-column stk-column stk-block stk-358e0e9\" data-v=\"4\" data-block-id=\"358e0e9\"><div class=\"stk-column-wrapper stk-block-column__content stk-container stk-358e0e9-container stk--no-background stk--no-padding\"><div class=\"stk-block-content stk-inner-blocks stk-358e0e9-inner-blocks\">\n<p><strong>GiM d.o.o. je privatno preduze\u0107e osnovano 1993. godine. Naziv preduze\u0107a do 2011. godine je bio \u201cMermer Granit d.o.o.\u201d i pod tim imenom je kreiran brend odgovornosti, pouzdanosti i visokog kvaliteta robe. Iz prvenstveno marketin\u0161kih razloga, 2011. godine firma mijenja ime u \u201cGiM d.o.o.\u201d I nastavlja da posluje u istoj djelatnosti.<\/strong><\/p>\n\n\n\n<p><strong>Danas, firma poseduje moderan proizvodni pogon koji ima mogu\u0107nost prerade preko 2500 m3 prirodnog kamena godi\u0161nje. U proizvodnji koristimo italijansku tehnologiju u svim procesima obrade kamena. Na\u0161e osnovne proizvodne djelatnosti su rezanje i poliranje kamena iz blokova u plo\u010de. Materijal (blokove kamena) nabavljamo iz rudnika \u0161irom svijeta: Ju\u017ena Afrika, Indija, Brazil, Norve\u0161ka, Italija i \u0160panija. Tokom posljednje\u00a0dvije decenije poslovanja izgradili smo brojne poslovne veze sa firmama \u0161irom svijeta. Ukoliko ste zainteresovani za razmjenu ideja i informacija, vi\u0161e ste nego dobrodo\u0161li da nas kontaktirate. Odgovori\u0107emo na sve vrste upita, pitanja i komentara ukoliko ih imate.<\/strong><\/p>\n<\/div><\/div><\/div>\n\n\n\n<div class=\"wp-block-stackable-column stk-block-column stk-column stk-block stk-a35b715\" data-v=\"4\" data-block-id=\"a35b715\"><div class=\"stk-column-wrapper stk-block-column__content stk-container stk-a35b715-container stk--no-background stk--no-padding\"><div class=\"stk-block-content stk-inner-blocks stk-a35b715-inner-blocks\">\n<h4 class=\"wp-block-heading has-text-align-center\"><strong>Kontakt:<\/strong><\/h4>\n\n\n\n<p class=\"has-text-align-center\"><strong>Informacije<\/strong><br><strong>administracija@gimkamen.com<\/strong><br><strong>+387 65 406 475<\/strong><br><strong>bijeljina@gimkamen.com<\/strong><br><strong>+387 65 000 077<\/strong><\/p>\n\n\n\n<p class=\"has-text-align-center\"><strong>Vladimir Stoji\u0107<\/strong><br><strong>(menad\u017eer prodaje)<\/strong><br><strong>vladimir@gimkamen.com<\/strong><br><strong>+387 65 44 77 44<\/strong><\/p>\n<\/div><\/div><\/div>\n<\/div><\/div>\n","protected":false},"excerpt":{"rendered":"<p>GiM d.o.o. je privatno preduze\u0107e osnovano 1993. godine. Naziv preduze\u0107a do 2011. godine je bio \u201cMermer Granit d.o.o.\u201d i pod tim imenom je kreiran brend odgovornosti, pouzdanosti i visokog kvaliteta robe. Iz prvenstveno marketin\u0161kih razloga, 2011. godine firma mijenja ime u \u201cGiM d.o.o.\u201d I nastavlja da posluje u istoj djelatnosti. Danas, firma poseduje moderan proizvodni [&hellip;]<\/p>\n","protected":false},"author":1,"featured_media":36,"parent":0,"menu_order":0,"comment_status":"closed","ping_status":"closed","template":"about-us.php","meta":{"footnotes":""},"class_list":["post-17","page","type-page","status-publish","has-post-thumbnail","hentry"],"blocksy_meta":{"has_hero_section":"disabled","styles_descriptor":{"styles":{"desktop":"[data-prefix=\"single_page\"] {background-position:50% 50%;background-size:cover;background-attachment:inherit;background-repeat:no-repeat;background-color:#000000;background-image:linear-gradient(rgba(255, 255, 255, 0.4), rgba(255, 255, 255, 0.4)), url(https:\/\/staging.gimkamen.rs\/yy\/wp-content\/uploads\/2024\/09\/DJI_0194-scaled.jpg);}","tablet":"","mobile":""},"google_fonts":[],"version":6},"background":{"desktop":{"background_type":"image","background_pattern":"type-1","background_image":{"attachment_id":204,"x":0.5,"y":0.5,"url":"https:\/\/staging.gimkamen.rs\/yy\/wp-content\/uploads\/2024\/09\/DJI_0194-300x225.jpg"},"gradient":"linear-gradient(135deg,rgba(6,147,227,1) 0%,rgb(155,81,224) 100%)","background_repeat":"no-repeat","background_size":"cover","background_attachment":"inherit","patternColor":{"default":{"color":"#e5e7ea"}},"overlayColor":{"default":{"color":"rgba(255, 255, 255, 0.4)"}},"backgroundColor":{"default":{"color":"#000000"}}},"tablet":{"background_type":"image","background_pattern":"type-1","background_image":{"attachment_id":204,"x":0.5,"y":0.5,"url":"https:\/\/staging.gimkamen.rs\/yy\/wp-content\/uploads\/2024\/09\/DJI_0194-300x225.jpg"},"gradient":"linear-gradient(135deg,rgba(6,147,227,1) 0%,rgb(155,81,224) 100%)","background_repeat":"no-repeat","background_size":"cover","background_attachment":"inherit","patternColor":{"default":{"color":"#e5e7ea"}},"overlayColor":{"default":{"color":"rgba(255, 255, 255, 0.4)"}},"backgroundColor":{"default":{"color":"#000000"}}},"mobile":{"background_type":"image","background_pattern":"type-1","background_image":{"attachment_id":204,"x":0.5,"y":0.5,"url":"https:\/\/staging.gimkamen.rs\/yy\/wp-content\/uploads\/2024\/09\/DJI_0194-300x225.jpg"},"gradient":"linear-gradient(135deg,rgba(6,147,227,1) 0%,rgb(155,81,224) 100%)","background_repeat":"no-repeat","background_size":"cover","background_attachment":"inherit","patternColor":{"default":{"color":"#e5e7ea"}},"overlayColor":{"default":{"color":"rgba(255, 255, 255, 0.4)"}},"backgroundColor":{"default":{"color":"#000000"}}}}},"_links":{"self":[{"href":"https:\/\/staging.gimkamen.rs\/yy\/wp-json\/wp\/v2\/pages\/17"}],"collection":[{"href":"https:\/\/staging.gimkamen.rs\/yy\/wp-json\/wp\/v2\/pages"}],"about":[{"href":"https:\/\/staging.gimkamen.rs\/yy\/wp-json\/wp\/v2\/types\/page"}],"author":[{"embeddable":true,"href":"https:\/\/staging.gimkamen.rs\/yy\/wp-json\/wp\/v2\/users\/1"}],"replies":[{"embeddable":true,"href":"https:\/\/staging.gimkamen.rs\/yy\/wp-json\/wp\/v2\/comments?post=17"}],"version-history":[{"count":33,"href":"https:\/\/staging.gimkamen.rs\/yy\/wp-json\/wp\/v2\/pages\/17\/revisions"}],"predecessor-version":[{"id":381,"href":"https:\/\/staging.gimkamen.rs\/yy\/wp-json\/wp\/v2\/pages\/17\/revisions\/381"}],"wp:featuredmedia":[{"embeddable":true,"href":"https:\/\/staging.gimkamen.rs\/yy\/wp-json\/wp\/v2\/media\/36"}],"wp:attachment":[{"href":"https:\/\/staging.gimkamen.rs\/yy\/wp-json\/wp\/v2\/media?parent=17"}],"curies":[{"name":"wp","href":"https:\/\/api.w.org\/{rel}","templated":true}]}}